{"id":1255,"date":"2024-11-12T15:16:37","date_gmt":"2024-11-12T14:16:37","guid":{"rendered":"http:\/\/puls-andrychow.pl\/?page_id=1255"},"modified":"2024-12-07T10:03:45","modified_gmt":"2024-12-07T09:03:45","slug":"praktyka-lekarza-rodzinnego-andrychow","status":"publish","type":"page","link":"https:\/\/puls-andrychow.pl\/?page_id=1255","title":{"rendered":"Praktyka Lekarza Rodzinnego &#8211; Andrych\u00f3w"},"content":{"rendered":"\n<h3 class=\"wp-block-heading\"><strong>Praktyka Lekarza Rodzinnego w Andrychowie<\/strong><\/h3>\n\n\n\n<figure class=\"wp-block-image size-full\"><img loading=\"lazy\" decoding=\"async\" width=\"222\" height=\"213\" src=\"http:\/\/puls-andrychow.pl\/wp-content\/uploads\/2024\/11\/lekarz_andrychow.jpg\" alt=\"\" class=\"wp-image-1345\"\/><\/figure>\n\n\n\n<p>Andrych\u00f3w ul. Krakowska 140a<br><br>lek. Beata Rauk &#8211; specjalista medycyny rodzinnej<br><br><br><br>Poradnia czynna od poniedzia\u0142ku do pi\u0105tku w godzinach 8.00 \u201318.00<br>tel. 33\u00a0875 76 01<br>kom. 519 380 699<br>e-mail: <a href=\"mailto:rejestracja_andrychow@puls-andrychow.pl\">rejestracja_andrychow@puls-andrychow.pl<\/a><\/p>\n","protected":false},"excerpt":{"rendered":"<p>Praktyka Lekarza Rodzinnego w Andrychowie Andrych\u00f3w ul. Krakowska 140a lek. Beata Rauk &#8211; specjalista medycyny rodzinnej Poradnia czynna od poniedzia\u0142ku do pi\u0105tku w godzinach 8.00 \u201318.00tel. 33\u00a0875 76 01kom. 519 380 699e-mail: rejestracja_andrychow@puls-andrychow.pl<\/p>\n","protected":false},"author":1,"featured_media":0,"parent":0,"menu_order":0,"comment_status":"closed","ping_status":"closed","template":"","meta":{"_kadence_starter_templates_imported_post":false,"_kad_post_transparent":"","_kad_post_title":"","_kad_post_layout":"","_kad_post_sidebar_id":"","_kad_post_content_style":"","_kad_post_vertical_padding":"","_kad_post_feature":"","_kad_post_feature_position":"","_kad_post_header":false,"_kad_post_footer":false,"footnotes":""},"class_list":["post-1255","page","type-page","status-publish","hentry"],"_links":{"self":[{"href":"https:\/\/puls-andrychow.pl\/index.php?rest_route=\/wp\/v2\/pages\/1255","targetHints":{"allow":["GET"]}}],"collection":[{"href":"https:\/\/puls-andrychow.pl\/index.php?rest_route=\/wp\/v2\/pages"}],"about":[{"href":"https:\/\/puls-andrychow.pl\/index.php?rest_route=\/wp\/v2\/types\/page"}],"author":[{"embeddable":true,"href":"https:\/\/puls-andrychow.pl\/index.php?rest_route=\/wp\/v2\/users\/1"}],"replies":[{"embeddable":true,"href":"https:\/\/puls-andrychow.pl\/index.php?rest_route=%2Fwp%2Fv2%2Fcomments&post=1255"}],"version-history":[{"count":6,"href":"https:\/\/puls-andrychow.pl\/index.php?rest_route=\/wp\/v2\/pages\/1255\/revisions"}],"predecessor-version":[{"id":1401,"href":"https:\/\/puls-andrychow.pl\/index.php?rest_route=\/wp\/v2\/pages\/1255\/revisions\/1401"}],"wp:attachment":[{"href":"https:\/\/puls-andrychow.pl\/index.php?rest_route=%2Fwp%2Fv2%2Fmedia&parent=1255"}],"curies":[{"name":"wp","href":"https:\/\/api.w.org\/{rel}","templated":true}]}}