{"id":1253,"date":"2024-11-12T15:15:37","date_gmt":"2024-11-12T14:15:37","guid":{"rendered":"http:\/\/puls-andrychow.pl\/?page_id=1253"},"modified":"2024-11-19T06:39:38","modified_gmt":"2024-11-19T05:39:38","slug":"informacje-ogolne","status":"publish","type":"page","link":"https:\/\/puls-andrychow.pl\/?page_id=1253","title":{"rendered":"Informacje og\u00f3lne"},"content":{"rendered":"\n<h3 class=\"wp-block-heading\">Informacje og\u00f3lne<\/h3>\n\n\n\n<figure class=\"wp-block-image size-full\"><img loading=\"lazy\" decoding=\"async\" width=\"222\" height=\"148\" src=\"http:\/\/puls-andrychow.pl\/wp-content\/uploads\/2024\/11\/informacje_ogolne.jpg\" alt=\"\" class=\"wp-image-1342\"\/><\/figure>\n\n\n\n<p><strong>a.<\/strong>&nbsp;Na podstawie umowy z Narodowym Funduszem Zdrowia udzielamy \u015bwiadcze\u0144 zdrowotnych w ramach podstawowej opieki&nbsp;<strong>zdrowotnej.<\/strong><\/p>\n\n\n\n<p><strong>Zgodnie z zakresem kompetencji lekarza rodzinnego obejmujemy opiek\u0105 ca\u0142e rodziny- od wieku niemowl\u0119cego po p\u00f3\u017an\u0105 staro\u015b\u0107. Wykonujemy szczepienia, badania profilaktyczne, bilanse. Szczeg\u00f3\u0142owy zakres \u015bwiadcze\u0144 udzielanych w ramach ubezpieczenia zdrowotnego reguluje umowa z p\u0142atnikiem.<\/strong><\/p>\n\n\n\n<p><strong>\u015awiadczenia te udzielane s\u0105 od poniedzia\u0142ku do pi\u0105tku w godzinach 8.00 \u201318.00.<\/strong><\/p>\n\n\n\n<p><strong>b.<\/strong>&nbsp;Wykonujemy badania profilaktyczne w ramach \u201eProgramu profilaktyki chor\u00f3b uk\u0142adu kr\u0105\u017cenia\u201d skierowane do os\u00f3b w wieku 35-55 lat. Badanie obejmuje m.in. badania laboratoryjne &#8211; cholesterol z frakcjami i glukoza, ekg oraz badanie lekarskie. Ich celem jest ocena globalnego ryzyka wyst\u0105pienia incydentu sercowo-naczyniowego np. zawa\u0142u mi\u0119\u015bnia sercowego, udaru m\u00f3zgu.<\/p>\n\n\n\n<p><strong>c.<\/strong>&nbsp;W godzinach 18.00 &#8211; 8.00 oraz w dniach wolnych od pracy pomoc uzyska\u0107 mo\u017cna w ramach&nbsp;<strong>nocnej i \u015bwi\u0105tecznej opieki zdrowotnej<\/strong>.<\/p>\n\n\n\n<p>Najbli\u017csze punkty, w kt\u00f3rych mo\u017cna uzyska\u0107 pomoc lekarza i piel\u0119gniarki w nocy oraz&nbsp; w dni wolne i \u015bwi\u0119ta w razie nag\u0142ego zachorowania:<\/p>\n\n\n\n<p>Zesp\u00f3\u0142 Zak\u0142ad\u00f3w Opieki Zdrowotnej w Wadowicach Wadowice, ul. Karmelicka 5 tel.<strong>&nbsp;33 872 12 12<\/strong><\/p>\n\n\n\n<p>K\u0119ty, ul. Sobieskiego 45, tel.&nbsp;<strong>33 845 21 00<\/strong><\/p>\n\n\n\n<p><strong>Zasady korzystania z Nocnej i \u015awi\u0105tecznej Opieki Zdrowotnej<\/strong><\/p>\n\n\n\n<p>Nocna i \u015bwi\u0105teczna opieka zdrowotna to \u015bwiadczenia w zakresie podstawowej opieki zdrowotnej udzielane od poniedzia\u0142ku do pi\u0105tku w godzinach od 18.00 do 8.00 dnia nast\u0119pnego oraz ca\u0142odobowo w dni ustawowo wolne od pracy.<\/p>\n\n\n\n<p>W razie nag\u0142ego zachorowania lub nag\u0142ego pogorszenia stanu zdrowia pacjent mo\u017ce uda\u0107 si\u0119 po pomoc do dowolnego punktu nocnej i \u015bwi\u0105tecznej opieki zdrowotnej, niezale\u017cnie od tego, gdzie mieszka, i do kt\u00f3rego lekarza\/piel\u0119gniarki podstawowej opieki zdrowotnej (POZ) z\u0142o\u017cy\u0142 swoj\u0105 deklaracj\u0119.<\/p>\n\n\n\n<p><strong>Dy\u017curuj\u0105cy lekarz udziela porad:<\/strong><br>-w warunkach ambulatoryjnych,<br>-w domu pacjenta (w przypadkach medycznie uzasadnionych),<br>-telefonicznie.<br><br><strong>Z pomocy lekarza i piel\u0119gniarki w nocy, w dni wolne i w \u015bwi\u0119ta mo\u017cna skorzysta\u0107 w razie:<\/strong><br>-nag\u0142ego zachorowania;<br>-nag\u0142ego pogorszenia stanu zdrowia, gdy nie ma objaw\u00f3w sugeruj\u0105cych bezpo\u015brednie zagro\u017cenie \u017cycia lub istotny uszczerbek zdrowia, a zastosowane \u015brodki domowe lub leki dost\u0119pne bez recepty nie przynios\u0142y spodziewanej poprawy;<br>-gdy zachodzi obawa, \u017ce oczekiwanie na otwarcie przychodni mo\u017ce znacz\u0105co niekorzystnie wp\u0142yn\u0105\u0107 na stan zdrowia.<\/p>\n","protected":false},"excerpt":{"rendered":"<p>Informacje og\u00f3lne a.&nbsp;Na podstawie umowy z Narodowym Funduszem Zdrowia udzielamy \u015bwiadcze\u0144 zdrowotnych w ramach podstawowej opieki&nbsp;zdrowotnej. Zgodnie z zakresem kompetencji lekarza rodzinnego obejmujemy opiek\u0105 ca\u0142e rodziny- od wieku niemowl\u0119cego po p\u00f3\u017an\u0105 staro\u015b\u0107. Wykonujemy szczepienia, badania profilaktyczne, bilanse. Szczeg\u00f3\u0142owy zakres \u015bwiadcze\u0144 udzielanych w ramach ubezpieczenia zdrowotnego reguluje umowa z p\u0142atnikiem. \u015awiadczenia te udzielane s\u0105 od poniedzia\u0142ku&#8230;<\/p>\n","protected":false},"author":1,"featured_media":0,"parent":0,"menu_order":0,"comment_status":"closed","ping_status":"closed","template":"","meta":{"_kadence_starter_templates_imported_post":false,"_kad_post_transparent":"","_kad_post_title":"","_kad_post_layout":"","_kad_post_sidebar_id":"","_kad_post_content_style":"","_kad_post_vertical_padding":"","_kad_post_feature":"","_kad_post_feature_position":"","_kad_post_header":false,"_kad_post_footer":false,"footnotes":""},"class_list":["post-1253","page","type-page","status-publish","hentry"],"_links":{"self":[{"href":"https:\/\/puls-andrychow.pl\/index.php?rest_route=\/wp\/v2\/pages\/1253","targetHints":{"allow":["GET"]}}],"collection":[{"href":"https:\/\/puls-andrychow.pl\/index.php?rest_route=\/wp\/v2\/pages"}],"about":[{"href":"https:\/\/puls-andrychow.pl\/index.php?rest_route=\/wp\/v2\/types\/page"}],"author":[{"embeddable":true,"href":"https:\/\/puls-andrychow.pl\/index.php?rest_route=\/wp\/v2\/users\/1"}],"replies":[{"embeddable":true,"href":"https:\/\/puls-andrychow.pl\/index.php?rest_route=%2Fwp%2Fv2%2Fcomments&post=1253"}],"version-history":[{"count":4,"href":"https:\/\/puls-andrychow.pl\/index.php?rest_route=\/wp\/v2\/pages\/1253\/revisions"}],"predecessor-version":[{"id":1354,"href":"https:\/\/puls-andrychow.pl\/index.php?rest_route=\/wp\/v2\/pages\/1253\/revisions\/1354"}],"wp:attachment":[{"href":"https:\/\/puls-andrychow.pl\/index.php?rest_route=%2Fwp%2Fv2%2Fmedia&parent=1253"}],"curies":[{"name":"wp","href":"https:\/\/api.w.org\/{rel}","templated":true}]}}